{"id":1771,"date":"2026-01-31T17:01:21","date_gmt":"2026-01-31T16:01:21","guid":{"rendered":"https:\/\/termales.com.co\/blog\/"},"modified":"2026-05-05T23:16:51","modified_gmt":"2026-05-05T21:16:51","slug":"blog","status":"publish","type":"page","link":"https:\/\/termales.com.co\/fr\/blog\/","title":{"rendered":"Blog"},"content":{"rendered":"\n<section class=\"section-banner\">\n    <picture>\n        <source media=\"(min-width: 992px)\" srcset=\"https:\/\/termales.com.co\/wp-content\/uploads\/2026\/02\/banner-2.png\">\n        <source media=\"(max-width: 991px)\" srcset=\"https:\/\/termales.com.co\/wp-content\/uploads\/2026\/02\/banner-resp-2.png\">\n        <img decoding=\"async\" class=\"img-fluid bg-image\" src=\"https:\/\/termales.com.co\/wp-content\/uploads\/2026\/02\/banner-2.png\" \n            alt=\"\" loading=\"eager\" fetchpriority=\"high\">\n    <\/picture>\n    <div class=\"container\">\n        <div class=\"section-banner-content\">\n            <h1 class=\"h1 text-truncate-3\">\n                                                    <span>Notre<\/span>\n                \n                \n                                    <span class=\"text-white \">\n                        Blog                    <\/span>\n                            <\/h1>\n                    <\/div>\n    <\/div>\n<\/section>\n","protected":false},"excerpt":{"rendered":"","protected":false},"author":1,"featured_media":1443,"parent":0,"menu_order":0,"comment_status":"closed","ping_status":"closed","template":"templates\/tpl-blog.php","meta":{"footnotes":""},"class_list":["post-1771","page","type-page","status-publish","has-post-thumbnail","hentry"],"acf":[],"yoast_head":"<!-- This site is optimized with the Yoast SEO plugin v27.0 - https:\/\/yoast.com\/product\/yoast-seo-wordpress\/ -->\n<title>Exp\u00e9riences et nouveaut\u00e9s sur le tourisme aux Thermes de Santa Rosa de Cabal<\/title>\n<meta name=\"description\" content=\"Restez inform\u00e9 de toutes nos nouveaut\u00e9s et nouvelles exp\u00e9riences \u00e9cotouristiques aux Thermes de Santa Rosa de Cabal.\" \/>\n<meta name=\"robots\" content=\"index, follow, max-snippet:-1, max-image-preview:large, max-video-preview:-1\" \/>\n<link rel=\"canonical\" href=\"https:\/\/termales.com.co\/fr\/blog\/\" \/>\n<meta property=\"og:locale\" content=\"fr_FR\" \/>\n<meta property=\"og:type\" content=\"article\" \/>\n<meta property=\"og:title\" content=\"Exp\u00e9riences et nouveaut\u00e9s sur le tourisme aux Thermes de Santa Rosa de Cabal\" \/>\n<meta property=\"og:description\" content=\"Restez inform\u00e9 de toutes nos nouveaut\u00e9s et nouvelles exp\u00e9riences \u00e9cotouristiques aux Thermes de Santa Rosa de Cabal.\" \/>\n<meta property=\"og:url\" content=\"https:\/\/termales.com.co\/fr\/blog\/\" \/>\n<meta property=\"og:site_name\" content=\"Termales Santa Rosa de Cabal\" \/>\n<meta property=\"article:publisher\" content=\"https:\/\/www.facebook.com\/termalessantarosa\" \/>\n<meta property=\"article:modified_time\" content=\"2026-05-05T21:16:51+00:00\" \/>\n<meta property=\"og:image\" content=\"https:\/\/termales.com.co\/wp-content\/uploads\/2026\/02\/7-ALERTAS-TEMPRANAS-MOVIL.jpg\" \/>\n\t<meta property=\"og:image:width\" content=\"698\" \/>\n\t<meta property=\"og:image:height\" content=\"974\" \/>\n\t<meta property=\"og:image:type\" content=\"image\/jpeg\" \/>\n<meta name=\"twitter:card\" content=\"summary_large_image\" \/>\n<meta name=\"twitter:title\" content=\"Exp\u00e9riences et nouveaut\u00e9s sur le tourisme aux Thermes de Santa Rosa de Cabal\" \/>\n<meta name=\"twitter:description\" content=\"Restez inform\u00e9 de toutes nos nouveaut\u00e9s et nouvelles exp\u00e9riences \u00e9cotouristiques aux Thermes de Santa Rosa de Cabal.\" \/>\n<script type=\"application\/ld+json\" class=\"yoast-schema-graph\">{\"@context\":\"https:\/\/schema.org\",\"@graph\":[{\"@type\":\"WebPage\",\"@id\":\"https:\/\/termales.com.co\/fr\/blog\/\",\"url\":\"https:\/\/termales.com.co\/fr\/blog\/\",\"name\":\"Exp\u00e9riences et nouveaut\u00e9s sur le tourisme aux Thermes de Santa Rosa de Cabal\",\"isPartOf\":{\"@id\":\"https:\/\/termales.com.co\/fr\/#website\"},\"primaryImageOfPage\":{\"@id\":\"https:\/\/termales.com.co\/fr\/blog\/#primaryimage\"},\"image\":{\"@id\":\"https:\/\/termales.com.co\/fr\/blog\/#primaryimage\"},\"thumbnailUrl\":\"https:\/\/termales.com.co\/wp-content\/uploads\/2026\/02\/7-ALERTAS-TEMPRANAS-MOVIL.jpg\",\"datePublished\":\"2026-01-31T16:01:21+00:00\",\"dateModified\":\"2026-05-05T21:16:51+00:00\",\"description\":\"Restez inform\u00e9 de toutes nos nouveaut\u00e9s et nouvelles exp\u00e9riences \u00e9cotouristiques aux Thermes de Santa Rosa de Cabal.\",\"breadcrumb\":{\"@id\":\"https:\/\/termales.com.co\/fr\/blog\/#breadcrumb\"},\"inLanguage\":\"fr-FR\",\"potentialAction\":[{\"@type\":\"ReadAction\",\"target\":[\"https:\/\/termales.com.co\/fr\/blog\/\"]}]},{\"@type\":\"ImageObject\",\"inLanguage\":\"fr-FR\",\"@id\":\"https:\/\/termales.com.co\/fr\/blog\/#primaryimage\",\"url\":\"https:\/\/termales.com.co\/wp-content\/uploads\/2026\/02\/7-ALERTAS-TEMPRANAS-MOVIL.jpg\",\"contentUrl\":\"https:\/\/termales.com.co\/wp-content\/uploads\/2026\/02\/7-ALERTAS-TEMPRANAS-MOVIL.jpg\",\"width\":698,\"height\":974,\"caption\":\"Cascade Thermale Santa Rosa de Cabal\"},{\"@type\":\"BreadcrumbList\",\"@id\":\"https:\/\/termales.com.co\/fr\/blog\/#breadcrumb\",\"itemListElement\":[{\"@type\":\"ListItem\",\"position\":1,\"name\":\"Inicio\",\"item\":\"https:\/\/termales.com.co\/fr\/\"},{\"@type\":\"ListItem\",\"position\":2,\"name\":\"Blog\"}]},{\"@type\":\"WebSite\",\"@id\":\"https:\/\/termales.com.co\/fr\/#website\",\"url\":\"https:\/\/termales.com.co\/fr\/\",\"name\":\"Termales Santa Rosa de Cabal\",\"description\":\"\",\"publisher\":{\"@id\":\"https:\/\/termales.com.co\/fr\/#organization\"},\"potentialAction\":[{\"@type\":\"SearchAction\",\"target\":{\"@type\":\"EntryPoint\",\"urlTemplate\":\"https:\/\/termales.com.co\/fr\/?s={search_term_string}\"},\"query-input\":{\"@type\":\"PropertyValueSpecification\",\"valueRequired\":true,\"valueName\":\"search_term_string\"}}],\"inLanguage\":\"fr-FR\"},{\"@type\":\"Organization\",\"@id\":\"https:\/\/termales.com.co\/fr\/#organization\",\"name\":\"Termales Santa Rosa de Cabal\",\"url\":\"https:\/\/termales.com.co\/fr\/\",\"logo\":{\"@type\":\"ImageObject\",\"inLanguage\":\"fr-FR\",\"@id\":\"https:\/\/termales.com.co\/fr\/#\/schema\/logo\/image\/\",\"url\":\"https:\/\/termales.com.co\/wp-content\/uploads\/2026\/02\/logo-de-la-organizacion.png\",\"contentUrl\":\"https:\/\/termales.com.co\/wp-content\/uploads\/2026\/02\/logo-de-la-organizacion.png\",\"width\":696,\"height\":696,\"caption\":\"Termales Santa Rosa de Cabal\"},\"image\":{\"@id\":\"https:\/\/termales.com.co\/fr\/#\/schema\/logo\/image\/\"},\"sameAs\":[\"https:\/\/www.facebook.com\/termalessantarosa\",\"https:\/\/www.tiktok.com\/@termalessantarosadecabal\",\"https:\/\/www.instagram.com\/termalessantarosa\"]}]}<\/script>\n<!-- \/ Yoast SEO plugin. -->","yoast_head_json":{"title":"Exp\u00e9riences et nouveaut\u00e9s sur le tourisme aux Thermes de Santa Rosa de Cabal","description":"Restez inform\u00e9 de toutes nos nouveaut\u00e9s et nouvelles exp\u00e9riences \u00e9cotouristiques aux Thermes de Santa Rosa de Cabal.","robots":{"index":"index","follow":"follow","max-snippet":"max-snippet:-1","max-image-preview":"max-image-preview:large","max-video-preview":"max-video-preview:-1"},"canonical":"https:\/\/termales.com.co\/fr\/blog\/","og_locale":"fr_FR","og_type":"article","og_title":"Exp\u00e9riences et nouveaut\u00e9s sur le tourisme aux Thermes de Santa Rosa de Cabal","og_description":"Restez inform\u00e9 de toutes nos nouveaut\u00e9s et nouvelles exp\u00e9riences \u00e9cotouristiques aux Thermes de Santa Rosa de Cabal.","og_url":"https:\/\/termales.com.co\/fr\/blog\/","og_site_name":"Termales Santa Rosa de Cabal","article_publisher":"https:\/\/www.facebook.com\/termalessantarosa","article_modified_time":"2026-05-05T21:16:51+00:00","og_image":[{"width":698,"height":974,"url":"https:\/\/termales.com.co\/wp-content\/uploads\/2026\/02\/7-ALERTAS-TEMPRANAS-MOVIL.jpg","type":"image\/jpeg"}],"twitter_card":"summary_large_image","twitter_title":"Exp\u00e9riences et nouveaut\u00e9s sur le tourisme aux Thermes de Santa Rosa de Cabal","twitter_description":"Restez inform\u00e9 de toutes nos nouveaut\u00e9s et nouvelles exp\u00e9riences \u00e9cotouristiques aux Thermes de Santa Rosa de Cabal.","schema":{"@context":"https:\/\/schema.org","@graph":[{"@type":"WebPage","@id":"https:\/\/termales.com.co\/fr\/blog\/","url":"https:\/\/termales.com.co\/fr\/blog\/","name":"Exp\u00e9riences et nouveaut\u00e9s sur le tourisme aux Thermes de Santa Rosa de Cabal","isPartOf":{"@id":"https:\/\/termales.com.co\/fr\/#website"},"primaryImageOfPage":{"@id":"https:\/\/termales.com.co\/fr\/blog\/#primaryimage"},"image":{"@id":"https:\/\/termales.com.co\/fr\/blog\/#primaryimage"},"thumbnailUrl":"https:\/\/termales.com.co\/wp-content\/uploads\/2026\/02\/7-ALERTAS-TEMPRANAS-MOVIL.jpg","datePublished":"2026-01-31T16:01:21+00:00","dateModified":"2026-05-05T21:16:51+00:00","description":"Restez inform\u00e9 de toutes nos nouveaut\u00e9s et nouvelles exp\u00e9riences \u00e9cotouristiques aux Thermes de Santa Rosa de Cabal.","breadcrumb":{"@id":"https:\/\/termales.com.co\/fr\/blog\/#breadcrumb"},"inLanguage":"fr-FR","potentialAction":[{"@type":"ReadAction","target":["https:\/\/termales.com.co\/fr\/blog\/"]}]},{"@type":"ImageObject","inLanguage":"fr-FR","@id":"https:\/\/termales.com.co\/fr\/blog\/#primaryimage","url":"https:\/\/termales.com.co\/wp-content\/uploads\/2026\/02\/7-ALERTAS-TEMPRANAS-MOVIL.jpg","contentUrl":"https:\/\/termales.com.co\/wp-content\/uploads\/2026\/02\/7-ALERTAS-TEMPRANAS-MOVIL.jpg","width":698,"height":974,"caption":"Cascade Thermale Santa Rosa de Cabal"},{"@type":"BreadcrumbList","@id":"https:\/\/termales.com.co\/fr\/blog\/#breadcrumb","itemListElement":[{"@type":"ListItem","position":1,"name":"Inicio","item":"https:\/\/termales.com.co\/fr\/"},{"@type":"ListItem","position":2,"name":"Blog"}]},{"@type":"WebSite","@id":"https:\/\/termales.com.co\/fr\/#website","url":"https:\/\/termales.com.co\/fr\/","name":"Termales Santa Rosa de Cabal","description":"","publisher":{"@id":"https:\/\/termales.com.co\/fr\/#organization"},"potentialAction":[{"@type":"SearchAction","target":{"@type":"EntryPoint","urlTemplate":"https:\/\/termales.com.co\/fr\/?s={search_term_string}"},"query-input":{"@type":"PropertyValueSpecification","valueRequired":true,"valueName":"search_term_string"}}],"inLanguage":"fr-FR"},{"@type":"Organization","@id":"https:\/\/termales.com.co\/fr\/#organization","name":"Termales Santa Rosa de Cabal","url":"https:\/\/termales.com.co\/fr\/","logo":{"@type":"ImageObject","inLanguage":"fr-FR","@id":"https:\/\/termales.com.co\/fr\/#\/schema\/logo\/image\/","url":"https:\/\/termales.com.co\/wp-content\/uploads\/2026\/02\/logo-de-la-organizacion.png","contentUrl":"https:\/\/termales.com.co\/wp-content\/uploads\/2026\/02\/logo-de-la-organizacion.png","width":696,"height":696,"caption":"Termales Santa Rosa de Cabal"},"image":{"@id":"https:\/\/termales.com.co\/fr\/#\/schema\/logo\/image\/"},"sameAs":["https:\/\/www.facebook.com\/termalessantarosa","https:\/\/www.tiktok.com\/@termalessantarosadecabal","https:\/\/www.instagram.com\/termalessantarosa"]}]}},"_links":{"self":[{"href":"https:\/\/termales.com.co\/fr\/wp-json\/wp\/v2\/pages\/1771","targetHints":{"allow":["GET"]}}],"collection":[{"href":"https:\/\/termales.com.co\/fr\/wp-json\/wp\/v2\/pages"}],"about":[{"href":"https:\/\/termales.com.co\/fr\/wp-json\/wp\/v2\/types\/page"}],"author":[{"embeddable":true,"href":"https:\/\/termales.com.co\/fr\/wp-json\/wp\/v2\/users\/1"}],"replies":[{"embeddable":true,"href":"https:\/\/termales.com.co\/fr\/wp-json\/wp\/v2\/comments?post=1771"}],"version-history":[{"count":2,"href":"https:\/\/termales.com.co\/fr\/wp-json\/wp\/v2\/pages\/1771\/revisions"}],"predecessor-version":[{"id":1776,"href":"https:\/\/termales.com.co\/fr\/wp-json\/wp\/v2\/pages\/1771\/revisions\/1776"}],"wp:featuredmedia":[{"embeddable":true,"href":"https:\/\/termales.com.co\/fr\/wp-json\/wp\/v2\/media\/1443"}],"wp:attachment":[{"href":"https:\/\/termales.com.co\/fr\/wp-json\/wp\/v2\/media?parent=1771"}],"curies":[{"name":"wp","href":"https:\/\/api.w.org\/{rel}","templated":true}]}}